{"id":1887,"date":"2024-02-25T23:06:59","date_gmt":"2024-02-25T14:06:59","guid":{"rendered":"https:\/\/curia-lente.com\/?page_id=1887"},"modified":"2024-02-25T23:10:59","modified_gmt":"2024-02-25T14:10:59","slug":"marume-portfolio","status":"publish","type":"page","link":"https:\/\/curia-lente.com\/?page_id=1887","title":{"rendered":"marume Portfolio"},"content":{"rendered":"<div class=\"tcdce-body\">\n<figure class=\"wp-block-image size-full is-resized\"><img loading=\"lazy\" decoding=\"async\" width=\"180\" height=\"180\" src=\"https:\/\/curia-lente.com\/wp-content\/uploads\/2024\/02\/020.png\" alt=\"\" class=\"wp-image-1900\" style=\"width:134px;height:auto\" srcset=\"https:\/\/curia-lente.com\/wp-content\/uploads\/2024\/02\/020.png 180w, https:\/\/curia-lente.com\/wp-content\/uploads\/2024\/02\/020-150x150.png 150w\" sizes=\"auto, (max-width: 180px) 100vw, 180px\" \/><\/figure>\n\n\n\n<p>\u307f\u306a\u3055\u307e\u306f\u3058\u3081\u307e\u3057\u3066\u3002\u30ab\u30d5\u30a7\u30ad\u30e5\u30ea\u30a2\u30ec\u30f3\u30c6\u306e\u5e97\u9577\u306emarume\u3067\u3059\u3002<br>\u666e\u6bb5\u3001\u30ab\u30ec\u30fc\u3092\u4f5c\u308a\u306a\u304c\u3089\u3001\u30e9\u30a4\u30f3\u30b9\u30bf\u30f3\u30d7\u3084\u30a2\u30cb\u30e1\u30fc\u30b7\u30e7\u30f3GIF\u3092\u4f5c\u6210\u3057\u3066\u304a\u308a\u307e\u3059\u3002<br>\u3088\u308d\u3057\u304f\u304a\u9858\u3044\u3044\u305f\u3057\u307e\u3059\u3002\u30c7\u30b6\u30a4\u30f3\u306e\u3054\u4f9d\u983c\u306f\u30da\u30fc\u30b8\u4e0b\u306e\u30e1\u30fc\u30eb\u30a2\u30c9\u30ec\u30b9\u306b\u3054\u9023\u7d61\u304f\u3060\u3055\u3044\u307e\u305b\u3002<br><\/p>\n\n\n\n<p>Nice to meet you. My name is Marume, and I am the manager of Caf\u00e9 Curi Arente. I usually create stamp lines and animated GIFs while making curry. For design requests, please contact us using the email address at the bottom of the page.<\/p>\n\n\n\n<p><br><br>LINE\u30af\u30ea\u30a8\u30a4\u30bf\u30fc\u306e\u30b9\u30bf\u30f3\u30d7creator stamp<br><a href=\"https:\/\/line.me\/S\/shop\/sticker\/author\/2066441\">https:\/\/line.me\/S\/shop\/sticker\/author\/2066441<\/a><\/p>\n\n\n\n<p>LINE\u306e\u7740\u305b\u66ff\u3048Dress up<br><a href=\"https:\/\/store.line.me\/themeshop\/author\/3689465\">https:\/\/store.line.me\/themeshop\/author\/3689465<\/a><\/p>\n\n\n\n<p>LINE\u306e\u7d75\u6587\u5b57Emoji<br><a href=\"https:\/\/line.me\/S\/shop\/emoji\/author\/3689466\">https:\/\/line.me\/S\/shop\/emoji\/author\/3689466<\/a><\/p>\n\n\n\n<p><\/p>\n\n\n\n<p>Work list<\/p>\n\n\n\n<figure class=\"wp-block-image size-full is-resized\"><img loading=\"lazy\" decoding=\"async\" width=\"320\" height=\"270\" src=\"https:\/\/curia-lente.com\/wp-content\/uploads\/2024\/02\/atterli.png\" alt=\"\" class=\"wp-image-1891\" style=\"width:130px;height:auto\"\/><\/figure>\n\n\n\n<figure class=\"wp-block-image size-full is-resized\"><img loading=\"lazy\" decoding=\"async\" width=\"320\" height=\"270\" src=\"https:\/\/curia-lente.com\/wp-content\/uploads\/2024\/02\/sauna.png\" alt=\"\" class=\"wp-image-1893\" style=\"width:110px;height:auto\"\/><\/figure>\n\n\n\n<figure class=\"wp-block-image size-full is-resized\"><img loading=\"lazy\" decoding=\"async\" width=\"320\" height=\"270\" src=\"https:\/\/curia-lente.com\/wp-content\/uploads\/2024\/02\/kakure.png\" alt=\"\" class=\"wp-image-1894\" style=\"width:110px;height:auto\"\/><\/figure>\n\n\n\n<figure class=\"wp-block-image size-full is-resized\"><img loading=\"lazy\" decoding=\"async\" width=\"320\" height=\"270\" src=\"https:\/\/curia-lente.com\/wp-content\/uploads\/2024\/02\/yukkuri.png\" alt=\"\" class=\"wp-image-1896\" style=\"width:108px;height:auto\"\/><\/figure>\n\n\n\n<figure class=\"wp-block-image size-full is-resized\"><img loading=\"lazy\" decoding=\"async\" width=\"320\" height=\"270\" src=\"https:\/\/curia-lente.com\/wp-content\/uploads\/2024\/02\/ayvtime.png\" alt=\"\" class=\"wp-image-1897\" style=\"width:115px;height:auto\"\/><\/figure>\n\n\n\n<figure class=\"wp-block-image size-full is-resized\"><img loading=\"lazy\" decoding=\"async\" width=\"320\" height=\"270\" src=\"https:\/\/curia-lente.com\/wp-content\/uploads\/2024\/02\/coffeetime.png\" alt=\"\" class=\"wp-image-1898\" style=\"width:115px;height:auto\"\/><\/figure>\n\n\n\n<figure class=\"wp-block-image size-full is-resized\"><img loading=\"lazy\" decoding=\"async\" width=\"320\" height=\"270\" src=\"https:\/\/curia-lente.com\/wp-content\/uploads\/2024\/02\/currytime.png\" alt=\"\" class=\"wp-image-1899\" style=\"width:116px;height:auto\"\/><\/figure>\n\n\n\n<figure class=\"wp-block-image size-full is-resized\"><img loading=\"lazy\" decoding=\"async\" width=\"370\" height=\"320\" src=\"https:\/\/curia-lente.com\/wp-content\/uploads\/2024\/02\/39.png\" alt=\"\" class=\"wp-image-1901\" style=\"width:115px;height:auto\"\/><\/figure>\n\n\n\n<figure class=\"wp-block-image size-full is-resized\"><img loading=\"lazy\" decoding=\"async\" width=\"370\" height=\"320\" src=\"https:\/\/curia-lente.com\/wp-content\/uploads\/2024\/02\/16.png\" alt=\"\" class=\"wp-image-1902\" style=\"width:129px;height:auto\"\/><\/figure>\n\n\n\n<figure class=\"wp-block-image size-full is-resized\"><img loading=\"lazy\" decoding=\"async\" width=\"370\" height=\"320\" src=\"https:\/\/curia-lente.com\/wp-content\/uploads\/2024\/02\/22.png\" alt=\"\" class=\"wp-image-1903\" style=\"width:115px;height:auto\"\/><\/figure>\n\n\n\n<p><\/p>\n\n\n\n<p>Please contact me<br>\u6771\u4eac\u90fd\u54c1\u5ddd\u533a\u6771\u5927\u4e95\uff15\uff0d\uff11\uff18\uff0d\uff11\u304d\u3085\u308a\u3042\u3093\uff11F<br>T\u014dky\u014dtoshinagawaku Higashi\u014di 5 &#8211; 18 &#8211; 1 Kyurian 1 F<br>09035564230<br>ksuk.m@outlook.jp<br>name: marume<\/p>\n<\/div>","protected":false},"excerpt":{"rendered":"\u307f\u306a\u3055\u307e\u306f\u3058\u3081\u307e\u3057\u3066\u3002\u30ab\u30d5\u30a7\u30ad\u30e5\u30ea\u30a2\u30ec\u30f3\u30c6\u306e\u5e97\u9577\u306emarume\u3067\u3059\u3002\u666e\u6bb5\u3001\u30ab\u30ec\u30fc\u3092\u4f5c\u308a\u306a\u304c\u3089\u3001\u30e9\u30a4\u30f3\u30b9\u30bf\u30f3\u30d7\u3084\u30a2\u30cb\u30e1\u30fc\u30b7\u30e7\u30f3GIF\u3092\u4f5c\u6210\u3057\u3066\u304a\u308a\u307e\u3059\u3002\u3088\u308d\u3057\u304f\u304a\u9858\u3044\u3044\u305f\u3057\u307e\u3059\u3002\u30c7\u30b6\u30a4\u30f3\u306e\u3054\u4f9d\u983c\u306f\u30da\u30fc\u30b8\u4e0b\u306e\u30e1\u30fc\u30eb\u30a2\u30c9\u30ec\u30b9\u306b [&hellip;]","protected":false},"author":2,"featured_media":0,"parent":0,"menu_order":0,"comment_status":"closed","ping_status":"closed","template":"","meta":{"om_disable_all_campaigns":false,"_monsterinsights_skip_tracking":false,"_monsterinsights_sitenote_active":false,"_monsterinsights_sitenote_note":"","_monsterinsights_sitenote_category":0,"footnotes":""},"class_list":["post-1887","page","type-page","status-publish","hentry"],"aioseo_notices":[],"_links":{"self":[{"href":"https:\/\/curia-lente.com\/index.php?rest_route=\/wp\/v2\/pages\/1887","targetHints":{"allow":["GET"]}}],"collection":[{"href":"https:\/\/curia-lente.com\/index.php?rest_route=\/wp\/v2\/pages"}],"about":[{"href":"https:\/\/curia-lente.com\/index.php?rest_route=\/wp\/v2\/types\/page"}],"author":[{"embeddable":true,"href":"https:\/\/curia-lente.com\/index.php?rest_route=\/wp\/v2\/users\/2"}],"replies":[{"embeddable":true,"href":"https:\/\/curia-lente.com\/index.php?rest_route=%2Fwp%2Fv2%2Fcomments&post=1887"}],"version-history":[{"count":5,"href":"https:\/\/curia-lente.com\/index.php?rest_route=\/wp\/v2\/pages\/1887\/revisions"}],"predecessor-version":[{"id":1905,"href":"https:\/\/curia-lente.com\/index.php?rest_route=\/wp\/v2\/pages\/1887\/revisions\/1905"}],"wp:attachment":[{"href":"https:\/\/curia-lente.com\/index.php?rest_route=%2Fwp%2Fv2%2Fmedia&parent=1887"}],"curies":[{"name":"wp","href":"https:\/\/api.w.org\/{rel}","templated":true}]}}